{"id":83,"date":"2017-07-10T10:54:01","date_gmt":"2017-07-10T10:54:01","guid":{"rendered":"https:\/\/vivamulherviva.org\/?page_id=83"},"modified":"2017-07-10T11:06:54","modified_gmt":"2017-07-10T11:06:54","slug":"apoios","status":"publish","type":"page","link":"https:\/\/vivamulherviva.org\/index.php\/apoios\/","title":{"rendered":"Apoios"},"content":{"rendered":"<p>Agradecemos a generosidade das seguintes institui\u00e7\u00f5es e empresas que t\u00eam apoiado as nossas actividades:<\/p>\n<ul>\n<li>Centro Hospitalar de Lisboa Central, EPE\u00a0<a href=\"http:\/\/www.chlisboa-zc.min-saude.pt\/\"><span style=\"color: #0000ff;\">www.chlisboa-zc.min-saude.pt<\/span><\/a><\/li>\n<li>Hotel Mundial\u00a0<a href=\"http:\/\/www.hotel-mundial.pt\/\"><span style=\"color: #0000ff;\">www.hotel-mundial.pt<\/span><\/a><\/li>\n<li>Funda\u00e7\u00e3o Gr\u00fcnenthal\u00a0<a href=\"http:\/\/www.grunenthal.pt\/\"><span style=\"color: #0000ff;\">www.grunenthal.pt<\/span><\/a><\/li>\n<li>Roche Pharmaceuticals\u00a0<a href=\"http:\/\/www.roche.com\/\"><span style=\"color: #0000ff;\">www.roche.com<\/span><\/a><\/li>\n<li>Sanofi Aventis\u00a0<a href=\"http:\/\/www.sanofri-aventis.pt\/\"><span style=\"color: #0000ff;\">www.sanofri-aventis.pt<\/span><\/a><\/li>\n<li>Funda\u00e7\u00e3o Oriente\u00a0<a href=\"http:\/\/www.foriente.pt\/\"><span style=\"color: #0000ff;\">www.foriente.pt<\/span><\/a><span style=\"color: #0000ff;\">\u00a0<\/span><\/li>\n<li>Quarteto Lacerda\u00a0<a href=\"http:\/\/www.quartetolacerda.com\/\"><span style=\"color: #0000ff;\">www.quartetolacerda.com<\/span><\/a><\/li>\n<li>Escola de M\u00fasica do Conservat\u00f3rio Nacional\u00a0<a href=\"http:\/\/www.em-conservatorio-nacional.rcts.pt\/\"><span style=\"color: #0000ff;\">www.em-conservatorio-nacional.rcts.pt<\/span><\/a><\/li>\n<li>Latin Quarter\u00a0<a href=\"http:\/\/www.latinquartet.eu\/\"><span style=\"color: #0000ff;\">www.latinquarter.eu<\/span><\/a><\/li>\n<li>SPAL\u00a0<a href=\"http:\/\/www.spal.pt\/\"><span style=\"color: #0000ff;\">www.spal.pt<\/span><\/a><\/li>\n<li>PMG Brindes\u00a0<a href=\"http:\/\/www.pmgbrindes.pt\/\"><span style=\"color: #0000ff;\">www.pmgbrindes.pt<\/span><\/a><\/li>\n<\/ul>\n<p>&nbsp;<\/p>\n","protected":false},"excerpt":{"rendered":"<p>Agradecemos a generosidade das seguintes institui\u00e7\u00f5es e empresas que t\u00eam apoiado as nossas actividades: Centro Hospitalar de Lisboa Central, EPE\u00a0www.chlisboa-zc.min-saude.pt Hotel Mundial\u00a0www.hotel-mundial.pt Funda\u00e7\u00e3o Gr\u00fcnenthal\u00a0www.grunenthal.pt Roche Pharmaceuticals\u00a0www.roche.com Sanofi Aventis\u00a0www.sanofri-aventis.pt Funda\u00e7\u00e3o Oriente\u00a0www.foriente.pt\u00a0 Quarteto Lacerda\u00a0www.quartetolacerda.com Escola de M\u00fasica do Conservat\u00f3rio Nacional\u00a0www.em-conservatorio-nacional.rcts.pt Latin Quarter\u00a0www.latinquarter.eu SPAL\u00a0www.spal.pt PMG Brindes\u00a0www.pmgbrindes.pt &nbsp;<\/p>\n","protected":false},"author":4,"featured_media":0,"parent":0,"menu_order":0,"comment_status":"closed","ping_status":"closed","template":"","meta":{"saved_in_kubio":false,"footnotes":""},"class_list":["post-83","page","type-page","status-publish","hentry"],"kubio_ai_page_context":{"short_desc":"","purpose":"general"},"_links":{"self":[{"href":"https:\/\/vivamulherviva.org\/index.php\/wp-json\/wp\/v2\/pages\/83","targetHints":{"allow":["GET"]}}],"collection":[{"href":"https:\/\/vivamulherviva.org\/index.php\/wp-json\/wp\/v2\/pages"}],"about":[{"href":"https:\/\/vivamulherviva.org\/index.php\/wp-json\/wp\/v2\/types\/page"}],"author":[{"embeddable":true,"href":"https:\/\/vivamulherviva.org\/index.php\/wp-json\/wp\/v2\/users\/4"}],"replies":[{"embeddable":true,"href":"https:\/\/vivamulherviva.org\/index.php\/wp-json\/wp\/v2\/comments?post=83"}],"version-history":[{"count":2,"href":"https:\/\/vivamulherviva.org\/index.php\/wp-json\/wp\/v2\/pages\/83\/revisions"}],"predecessor-version":[{"id":120,"href":"https:\/\/vivamulherviva.org\/index.php\/wp-json\/wp\/v2\/pages\/83\/revisions\/120"}],"wp:attachment":[{"href":"https:\/\/vivamulherviva.org\/index.php\/wp-json\/wp\/v2\/media?parent=83"}],"curies":[{"name":"wp","href":"https:\/\/api.w.org\/{rel}","templated":true}]}}