{"id":81,"date":"2017-07-10T10:53:38","date_gmt":"2017-07-10T10:53:38","guid":{"rendered":"https:\/\/vivamulherviva.org\/?page_id=81"},"modified":"2018-02-07T23:54:47","modified_gmt":"2018-02-07T23:54:47","slug":"parcerias","status":"publish","type":"page","link":"https:\/\/vivamulherviva.org\/index.php\/parcerias\/","title":{"rendered":"Parcerias"},"content":{"rendered":"<p><strong>Apoios<\/strong><\/p>\n<p>Agradecemos a generosidade das seguintes institui\u00e7\u00f5es e empresas que t\u00eam apoiado as nossas actividades:<\/p>\n<p><a href=\"http:\/\/www.chlisboa-zc.min-saude.pt\" target=\"_blank\" rel=\"noopener\">Centro Hospitalar de Lisboa Central, EPE\u00a0<\/a><br \/>\n<a href=\"http:\/\/www.hotel-mundial.pt\" target=\"_blank\" rel=\"noopener\">Hotel Mundial<\/a><br \/>\n<a href=\"http:\/\/www.grunenthal.pt\" target=\"_blank\" rel=\"noopener\">Funda\u00e7\u00e3o Gr\u00fcnenthal<\/a><br \/>\n<a href=\"http:\/\/www.roche.com\" target=\"_blank\" rel=\"noopener\">Roche Pharmaceuticals<\/a><br \/>\n<a href=\"http:\/\/www.sanofri-aventis.pt\" target=\"_blank\" rel=\"noopener\">Sanofi Aventis<\/a><br \/>\n<a href=\"http:\/\/www.foriente.pt\" target=\"_blank\" rel=\"noopener\">Funda\u00e7\u00e3o Oriente<\/a><br \/>\n<a href=\"http:\/\/www.quartetolacerda.com\" target=\"_blank\" rel=\"noopener\">Quarteto Lacerda<\/a><br \/>\n<a href=\"http:\/\/www.em-conservatorio-nacional.rcts.pt\" target=\"_blank\" rel=\"noopener\">Escola de M\u00fasica do Conservat\u00f3rio Nacional<\/a><br \/>\n<a href=\"http:\/\/www.latinquarter.eu\" target=\"_blank\" rel=\"noopener\">Latin Quarter<\/a><br \/>\n<a href=\"http:\/\/www.spal.pt\" target=\"_blank\" rel=\"noopener\">SPAL<\/a><br \/>\n<a href=\"http:\/\/www.pmgbrindes.pt\" target=\"_blank\" rel=\"noopener\">PMG Brindes<\/a><\/p>\n","protected":false},"excerpt":{"rendered":"<p>Apoios Agradecemos a generosidade das seguintes institui\u00e7\u00f5es e empresas que t\u00eam apoiado as nossas actividades: Centro Hospitalar de Lisboa Central, EPE\u00a0 Hotel Mundial Funda\u00e7\u00e3o Gr\u00fcnenthal Roche Pharmaceuticals Sanofi Aventis Funda\u00e7\u00e3o Oriente Quarteto Lacerda Escola de M\u00fasica do Conservat\u00f3rio Nacional Latin Quarter SPAL PMG Brindes<\/p>\n","protected":false},"author":4,"featured_media":0,"parent":0,"menu_order":0,"comment_status":"closed","ping_status":"closed","template":"","meta":{"saved_in_kubio":false,"footnotes":""},"class_list":["post-81","page","type-page","status-publish","hentry"],"kubio_ai_page_context":{"short_desc":"","purpose":"general"},"_links":{"self":[{"href":"https:\/\/vivamulherviva.org\/index.php\/wp-json\/wp\/v2\/pages\/81","targetHints":{"allow":["GET"]}}],"collection":[{"href":"https:\/\/vivamulherviva.org\/index.php\/wp-json\/wp\/v2\/pages"}],"about":[{"href":"https:\/\/vivamulherviva.org\/index.php\/wp-json\/wp\/v2\/types\/page"}],"author":[{"embeddable":true,"href":"https:\/\/vivamulherviva.org\/index.php\/wp-json\/wp\/v2\/users\/4"}],"replies":[{"embeddable":true,"href":"https:\/\/vivamulherviva.org\/index.php\/wp-json\/wp\/v2\/comments?post=81"}],"version-history":[{"count":3,"href":"https:\/\/vivamulherviva.org\/index.php\/wp-json\/wp\/v2\/pages\/81\/revisions"}],"predecessor-version":[{"id":184,"href":"https:\/\/vivamulherviva.org\/index.php\/wp-json\/wp\/v2\/pages\/81\/revisions\/184"}],"wp:attachment":[{"href":"https:\/\/vivamulherviva.org\/index.php\/wp-json\/wp\/v2\/media?parent=81"}],"curies":[{"name":"wp","href":"https:\/\/api.w.org\/{rel}","templated":true}]}}