{"id":75,"date":"2017-07-10T10:52:11","date_gmt":"2017-07-10T10:52:11","guid":{"rendered":"https:\/\/vivamulherviva.org\/?page_id=75"},"modified":"2026-04-08T18:55:15","modified_gmt":"2026-04-08T17:55:15","slug":"acoes-hospitalares","status":"publish","type":"page","link":"https:\/\/vivamulherviva.org\/index.php\/acoes-hospitalares\/","title":{"rendered":"A\u00e7\u00f5es Hospitalares"},"content":{"rendered":"\n\n\n<p><\/p>\n\n\n\n<h2 class=\"wp-block-heading has-text-align-center\" id=\"anchor1\"><strong><mark style=\"background-color:rgba(0, 0, 0, 0)\" class=\"has-inline-color has-kubio-color-1-color\">Dia Internacional do Volunt\u00e1rio<\/mark><\/strong><\/h2>\n\n\n\n<h5 class=\"wp-block-heading has-text-align-center\"><strong>5 Dezembro 2025<\/strong><\/h5>\n\n\n\n<h5 class=\"wp-block-heading has-text-align-left\">O Dia Internacional do Volunt\u00e1rio \u00e9 celebrado anualmente a 5 de dezembro, desde 1985.<\/h5>\n\n\n\n<h5 class=\"wp-block-heading has-text-align-left\">O tema para 2025 foi \u00abCada contribui\u00e7\u00e3o \u00e9 importante\u00bb. <\/h5>\n\n\n\n<h5 class=\"wp-block-heading has-text-align-left\">Para assinalar o dia, a Equipa de Gest\u00e3o do Voluntariado e a Presidente do Conselho de Administra\u00e7\u00e3o da ULS S\u00e3o Jos\u00e9 receberam representantes das organiza\u00e7\u00f5es que fazem voluntariado nesta institui\u00e7\u00e3o, no Sal\u00e3o Nobre do Hospital de S\u00e3o Jos\u00e9. Cada organiza\u00e7\u00e3o teve oportunidade de dar o seu testemunho sobre o trabalho desenvolvido e recebeu uma placa simb\u00f3lica de agradecimento pela dedica\u00e7\u00e3o e empenho.&nbsp; &nbsp; &nbsp; &nbsp; &nbsp; &nbsp; &nbsp; &nbsp; &nbsp; &nbsp; &nbsp; &nbsp; &nbsp; &nbsp; &nbsp; &nbsp; &nbsp; &nbsp; &nbsp; &nbsp; &nbsp; &nbsp; &nbsp; &nbsp; &nbsp; &nbsp; &nbsp; &nbsp; &nbsp; &nbsp; &nbsp; &nbsp; &nbsp; &nbsp; &nbsp; &nbsp; &nbsp; &nbsp; &nbsp; &nbsp; &nbsp; &nbsp; &nbsp; &nbsp; &nbsp; &nbsp; &nbsp; &nbsp; &nbsp; &nbsp; &nbsp; &nbsp;<\/h5>\n\n\n\n\n\n\n\n\n\n\n","protected":false},"excerpt":{"rendered":"<p>Dia Internacional do Volunt\u00e1rio 5 Dezembro 2025 O Dia Internacional do Volunt\u00e1rio \u00e9 celebrado anualmente a 5 de dezembro, desde 1985. O tema para 2025 foi \u00abCada contribui\u00e7\u00e3o \u00e9 importante\u00bb. Para assinalar o dia, a Equipa de Gest\u00e3o do Voluntariado e a Presidente do Conselho de Administra\u00e7\u00e3o da ULS S\u00e3o Jos\u00e9 receberam representantes das organiza\u00e7\u00f5es [&hellip;]<\/p>\n","protected":false},"author":4,"featured_media":0,"parent":0,"menu_order":0,"comment_status":"closed","ping_status":"closed","template":"","meta":{"saved_in_kubio":true,"footnotes":""},"class_list":["post-75","page","type-page","status-publish","hentry"],"kubio_ai_page_context":{"short_desc":"","purpose":"general"},"_links":{"self":[{"href":"https:\/\/vivamulherviva.org\/index.php\/wp-json\/wp\/v2\/pages\/75","targetHints":{"allow":["GET"]}}],"collection":[{"href":"https:\/\/vivamulherviva.org\/index.php\/wp-json\/wp\/v2\/pages"}],"about":[{"href":"https:\/\/vivamulherviva.org\/index.php\/wp-json\/wp\/v2\/types\/page"}],"author":[{"embeddable":true,"href":"https:\/\/vivamulherviva.org\/index.php\/wp-json\/wp\/v2\/users\/4"}],"replies":[{"embeddable":true,"href":"https:\/\/vivamulherviva.org\/index.php\/wp-json\/wp\/v2\/comments?post=75"}],"version-history":[{"count":41,"href":"https:\/\/vivamulherviva.org\/index.php\/wp-json\/wp\/v2\/pages\/75\/revisions"}],"predecessor-version":[{"id":698,"href":"https:\/\/vivamulherviva.org\/index.php\/wp-json\/wp\/v2\/pages\/75\/revisions\/698"}],"wp:attachment":[{"href":"https:\/\/vivamulherviva.org\/index.php\/wp-json\/wp\/v2\/media?parent=75"}],"curies":[{"name":"wp","href":"https:\/\/api.w.org\/{rel}","templated":true}]}}