{"id":63,"date":"2017-07-10T10:50:06","date_gmt":"2017-07-10T10:50:06","guid":{"rendered":"https:\/\/vivamulherviva.org\/?page_id=63"},"modified":"2026-03-12T13:07:40","modified_gmt":"2026-03-12T13:07:40","slug":"acoes","status":"publish","type":"page","link":"https:\/\/vivamulherviva.org\/index.php\/acoes\/","title":{"rendered":"A\u00e7\u00f5es"},"content":{"rendered":"\n<h3 class=\"wp-block-heading has-text-align-center\"><strong>Ser Volunt\u00e1ria(o) na Cl\u00ednica da Mama<\/strong><\/h3>\n\n\n\n<h4 class=\"wp-block-heading has-text-align-center\"><strong>Encontro a 04.03.2026<\/strong><\/h4>\n\n\n\n<p class=\"has-text-align-left\">Mais um ano come\u00e7a e as volunt\u00e1rias da&nbsp;<strong>Viva Mulher Viva Associa\u00e7\u00e3o<\/strong>&nbsp;continuam, com a mesma alegria e empenho, a partilhar os seus testemunhos<\/p>\n\n\n\n<p class=\"has-text-align-left\">O nosso prop\u00f3sito mant\u00e9m-se firme: encorajar quem enfrenta a adversidade do cancro da mama, estimular uma atitude proativa na busca pelo bem-estar e mostrar que, com esperan\u00e7a, \u00e9 poss\u00edvel superar.<\/p>\n\n\n\n<p class=\"has-text-align-left\">Como volunt\u00e1rias, por cada pessoa que vence este desafio, sentimo-nos mais vivas e com a certeza de que a nossa miss\u00e3o vale a pena. Queremos celebrar a vida, cultivar o otimismo e promover o equil\u00edbrio.<\/p>\n\n\n\n<p class=\"has-text-align-left\">Para que a nossa mensagem chegue a mais daqueles que atravessam agora uma fase dif\u00edcil, tivemos um momento de encontro entre volunt\u00e1rias veteranas e quem deu o primeiro passo no sentido do voluntariado.<\/p>\n\n\n\n<p class=\"has-text-align-left\">Fal\u00e1mos sobre quest\u00f5es como:  O que faz, afinal, uma volunt\u00e1ria? O que motiva esta decis\u00e3o? Quais os benef\u00edcios pessoais desta entrega? Ser\u00e1 verdade que o voluntariado promove a sa\u00fade do corpo e da mente? Como posso tornar-me volunt\u00e1ria\/o?<\/p>\n\n\n\n<p class=\"has-text-align-left\">Foi um momento esclarecedor e intenso para quem quer come\u00e7ar, mas por vezes n\u00e3o sabe como.<\/p>\n\n\n\n<p class=\"has-text-align-left\">No final, cont\u00e1mos com a colabora\u00e7\u00e3o da fisioterapeuta Paula Pinto, que nos proporcionou uma experi\u00eancia de FisioDance relaxante e alegre.<\/p>\n\n\n\n<p><\/p>\n\n\n\n\n\n<p><\/p>\n","protected":false},"excerpt":{"rendered":"<p>Ser Volunt\u00e1ria(o) na Cl\u00ednica da Mama Encontro a 04.03.2026 Mais um ano come\u00e7a e as volunt\u00e1rias da&nbsp;Viva Mulher Viva Associa\u00e7\u00e3o&nbsp;continuam, com a mesma alegria e empenho, a partilhar os seus testemunhos O nosso prop\u00f3sito mant\u00e9m-se firme: encorajar quem enfrenta a adversidade do cancro da mama, estimular uma atitude proativa na busca pelo bem-estar e mostrar [&hellip;]<\/p>\n","protected":false},"author":4,"featured_media":0,"parent":0,"menu_order":0,"comment_status":"closed","ping_status":"closed","template":"","meta":{"saved_in_kubio":false,"footnotes":""},"class_list":["post-63","page","type-page","status-publish","hentry"],"kubio_ai_page_context":{"short_desc":"","purpose":"general"},"_links":{"self":[{"href":"https:\/\/vivamulherviva.org\/index.php\/wp-json\/wp\/v2\/pages\/63","targetHints":{"allow":["GET"]}}],"collection":[{"href":"https:\/\/vivamulherviva.org\/index.php\/wp-json\/wp\/v2\/pages"}],"about":[{"href":"https:\/\/vivamulherviva.org\/index.php\/wp-json\/wp\/v2\/types\/page"}],"author":[{"embeddable":true,"href":"https:\/\/vivamulherviva.org\/index.php\/wp-json\/wp\/v2\/users\/4"}],"replies":[{"embeddable":true,"href":"https:\/\/vivamulherviva.org\/index.php\/wp-json\/wp\/v2\/comments?post=63"}],"version-history":[{"count":6,"href":"https:\/\/vivamulherviva.org\/index.php\/wp-json\/wp\/v2\/pages\/63\/revisions"}],"predecessor-version":[{"id":699,"href":"https:\/\/vivamulherviva.org\/index.php\/wp-json\/wp\/v2\/pages\/63\/revisions\/699"}],"wp:attachment":[{"href":"https:\/\/vivamulherviva.org\/index.php\/wp-json\/wp\/v2\/media?parent=63"}],"curies":[{"name":"wp","href":"https:\/\/api.w.org\/{rel}","templated":true}]}}