{"id":61,"date":"2017-07-10T10:49:54","date_gmt":"2017-07-10T10:49:54","guid":{"rendered":"https:\/\/vivamulherviva.org\/?page_id=61"},"modified":"2026-03-05T19:28:14","modified_gmt":"2026-03-05T19:28:14","slug":"ser-voluntario","status":"publish","type":"page","link":"https:\/\/vivamulherviva.org\/index.php\/ser-voluntario\/","title":{"rendered":"Ser Volunt\u00e1rio"},"content":{"rendered":"<p><b>Voluntariado<\/b><br \/><u>(<\/u><i><u> art.\u00ba 2.\u00ba da <a href=\"https:\/\/dre.pt\/application\/file\/a\/222959\">Lei n.\u00ba 71\/98, de 3 de Novembro<\/a><\/u><\/i><u>)<\/u><\/p>\n<p style=\"text-align: left;\">\u00c9 o conjunto de a\u00e7\u00f5es de interesse social e comunit\u00e1rio, realizadas de forma desinteressada por pessoas, no \u00e2mbito de projetos, programas e outras formas de interven\u00e7\u00e3o ao servi\u00e7o dos indiv\u00edduos, das fam\u00edlias e da comunidade, desenvolvidos sem fins lucrativos por entidades p\u00fablicas ou privadas.<br \/>N\u00e3o s\u00e3o abrangidas pela presente Lei as atua\u00e7\u00f5es que, embora desinteressadas, tenham um car\u00e1cter isolado e espor\u00e1dico ou sejam determinadas por raz\u00f5es familiares, de amizade e de boa vizinhan\u00e7a.<\/p>\n\n\n<p><\/p>\n\n\n\n<p><\/p>\n\n\n\n<p><\/p>\n\n\n\n<h4 class=\"wp-block-heading\"><strong>Ser Volunt\u00e1ria(o) na Clinica da Mama<\/strong><\/h4>\n\n\n\n<p class=\"has-text-align-left\">Ser volunt\u00e1ria(o) \u00e9 uma oportunidade \u00fanica de ajudar o pr\u00f3ximo, bem como de contribuir ativa e positivamente para uma melhor sociedade, sendo uma experi\u00eancia verdadeiramente enriquecedora.<\/p>\n\n\n\n<p class=\"has-text-align-left\">Ser volunt\u00e1rio \u00e9 fazer a diferen\u00e7a, \u00e9 ter o objetivo de melhorar o bem-estar e a qualidade de vida das pessoas, fomentando pilares essenciais como a empatia, o compromisso e o esp\u00edrito solid\u00e1rio.<\/p>\n\n\n\n<p class=\"has-text-align-left\">Ser volunt\u00e1rio no Hospital \u00e9 ser complementar \u00e0 atua\u00e7\u00e3o dos profissionais de sa\u00fade. As a\u00e7\u00f5es de voluntariado desenvolvem-se especificamente junto a quem enfrenta agora um diagn\u00f3stico e sua fam\u00edlia.<\/p>\n\n\n\n<p><\/p>\n\n\n","protected":false},"excerpt":{"rendered":"<p>Voluntariado( art.\u00ba 2.\u00ba da Lei n.\u00ba 71\/98, de 3 de Novembro) \u00c9 o conjunto de a\u00e7\u00f5es de interesse social e comunit\u00e1rio, realizadas de forma desinteressada por pessoas, no \u00e2mbito de projetos, programas e outras formas de interven\u00e7\u00e3o ao servi\u00e7o dos indiv\u00edduos, das fam\u00edlias e da comunidade, desenvolvidos sem fins lucrativos por entidades p\u00fablicas ou privadas.N\u00e3o [&hellip;]<\/p>\n","protected":false},"author":4,"featured_media":0,"parent":0,"menu_order":0,"comment_status":"closed","ping_status":"closed","template":"","meta":{"saved_in_kubio":false,"footnotes":""},"class_list":["post-61","page","type-page","status-publish","hentry"],"kubio_ai_page_context":{"short_desc":"","purpose":"general"},"_links":{"self":[{"href":"https:\/\/vivamulherviva.org\/index.php\/wp-json\/wp\/v2\/pages\/61","targetHints":{"allow":["GET"]}}],"collection":[{"href":"https:\/\/vivamulherviva.org\/index.php\/wp-json\/wp\/v2\/pages"}],"about":[{"href":"https:\/\/vivamulherviva.org\/index.php\/wp-json\/wp\/v2\/types\/page"}],"author":[{"embeddable":true,"href":"https:\/\/vivamulherviva.org\/index.php\/wp-json\/wp\/v2\/users\/4"}],"replies":[{"embeddable":true,"href":"https:\/\/vivamulherviva.org\/index.php\/wp-json\/wp\/v2\/comments?post=61"}],"version-history":[{"count":7,"href":"https:\/\/vivamulherviva.org\/index.php\/wp-json\/wp\/v2\/pages\/61\/revisions"}],"predecessor-version":[{"id":593,"href":"https:\/\/vivamulherviva.org\/index.php\/wp-json\/wp\/v2\/pages\/61\/revisions\/593"}],"wp:attachment":[{"href":"https:\/\/vivamulherviva.org\/index.php\/wp-json\/wp\/v2\/media?parent=61"}],"curies":[{"name":"wp","href":"https:\/\/api.w.org\/{rel}","templated":true}]}}