{"id":310,"date":"2026-02-05T11:47:15","date_gmt":"2026-02-05T11:47:15","guid":{"rendered":"https:\/\/vivamulherviva.org\/?page_id=310"},"modified":"2026-02-05T11:52:29","modified_gmt":"2026-02-05T11:52:29","slug":"ser-socio","status":"publish","type":"page","link":"https:\/\/vivamulherviva.org\/index.php\/ser-socio\/","title":{"rendered":"Ser S\u00f3cio"},"content":{"rendered":"<form action=\"https:\/\/formspree.io\/f\/xpqlvepy\" method=\"POST\" class=\"vmv-form\">\n<h3 class=\"vmv-title\">Ser S\u00f3cio<\/h3>\n<p class=\"vmv-subtitle\">Preencha os seus dados e envie-nos a sua inscri\u00e7\u00e3o.<\/p>\n<div class=\"vmv-grid\">\n<div class=\"vmv-field vmv-full\">\n      <label for=\"nome\">Nome<\/label><br \/>\n      <input id=\"nome\" type=\"text\" name=\"nome\" autocomplete=\"name\" required>\n    <\/div>\n<div class=\"vmv-field vmv-full\">\n      <label for=\"morada\">Morada<\/label><br \/>\n      <input id=\"morada\" type=\"text\" name=\"morada\" autocomplete=\"street-address\">\n    <\/div>\n<div class=\"vmv-field\">\n      <label for=\"codigo_postal\">C\u00f3digo Postal<\/label><br \/>\n      <input id=\"codigo_postal\" type=\"text\" name=\"codigo_postal\" autocomplete=\"postal-code\" placeholder=\"0000-000\">\n    <\/div>\n<div class=\"vmv-field\">\n      <label for=\"telefone\">Telefone<\/label><br \/>\n      <input id=\"telefone\" type=\"tel\" name=\"telefone\" autocomplete=\"tel\" placeholder=\"Ex.: 21 000 0000\">\n    <\/div>\n<div class=\"vmv-field\">\n      <label for=\"telemovel\">Telem\u00f3vel<\/label><br \/>\n      <input id=\"telemovel\" type=\"tel\" name=\"telemovel\" autocomplete=\"tel\" placeholder=\"Ex.: 9xx xxx xxx\">\n    <\/div>\n<div class=\"vmv-field\">\n      <label for=\"email\">Email<\/label><br \/>\n      <input id=\"email\" type=\"email\" name=\"email\" autocomplete=\"email\" required placeholder=\"nome@exemplo.com\">\n    <\/div>\n<div class=\"vmv-field\">\n      <label for=\"data_nascimento\">Data de Nascimento<\/label><br \/>\n      <input id=\"data_nascimento\" type=\"date\" name=\"data_nascimento\">\n    <\/div>\n<div class=\"vmv-field\">\n      <label for=\"nif\">NIF<\/label><br \/>\n      <input id=\"nif\" type=\"text\" name=\"nif\" inputmode=\"numeric\" placeholder=\"9 d\u00edgitos\">\n    <\/div>\n<div class=\"vmv-field\">\n      <label for=\"socio_numero\">S\u00f3cio N\u00ba<\/label><br \/>\n      <input id=\"socio_numero\" type=\"text\" name=\"socio_numero\" placeholder=\"(se aplic\u00e1vel)\">\n    <\/div>\n<div class=\"vmv-field vmv-full\">\n<fieldset class=\"vmv-fieldset\">\n<legend>Tipo<\/legend>\n<div class=\"vmv-options\">\n          <label class=\"vmv-check\"><input type=\"checkbox\" name=\"tipo[]\" value=\"Profissional de Sa\u00fade\"> <span>Profissional de Sa\u00fade<\/span><\/label><br \/>\n          <label class=\"vmv-check\"><input type=\"checkbox\" name=\"tipo[]\" value=\"Paciente\"> <span>Paciente<\/span><\/label><br \/>\n          <label class=\"vmv-check\"><input type=\"checkbox\" name=\"tipo[]\" value=\"Familiar\"> <span>Familiar<\/span><\/label><br \/>\n          <label class=\"vmv-check\"><input type=\"checkbox\" name=\"tipo[]\" value=\"Outros\"> <span>Outros<\/span><\/label>\n        <\/div>\n<\/fieldset><\/div>\n<div class=\"vmv-field\">\n      <label for=\"data\">Data<\/label><br \/>\n      <input id=\"data\" type=\"date\" name=\"data\">\n    <\/div>\n<div class=\"vmv-field vmv-full vmv-actions\">\n      <button type=\"submit\" class=\"vmv-btn\">Enviar<\/button><\/p>\n<p class=\"vmv-note\">Ao enviar, aceita que usemos estes dados apenas para tratar da sua inscri\u00e7\u00e3o.<\/p>\n<\/p><\/div>\n<\/p><\/div>\n<\/form>\n","protected":false},"excerpt":{"rendered":"<p>Ser S\u00f3cio Preencha os seus dados e envie-nos a sua inscri\u00e7\u00e3o. Nome Morada C\u00f3digo Postal Telefone Telem\u00f3vel Email Data de Nascimento NIF S\u00f3cio N\u00ba Tipo Profissional de Sa\u00fade Paciente Familiar Outros Data Enviar Ao enviar, aceita que usemos estes dados apenas para tratar da sua inscri\u00e7\u00e3o.<\/p>\n","protected":false},"author":2,"featured_media":0,"parent":0,"menu_order":0,"comment_status":"closed","ping_status":"closed","template":"","meta":{"saved_in_kubio":true,"footnotes":""},"class_list":["post-310","page","type-page","status-publish","hentry"],"kubio_ai_page_context":{"short_desc":"","purpose":"general"},"_links":{"self":[{"href":"https:\/\/vivamulherviva.org\/index.php\/wp-json\/wp\/v2\/pages\/310","targetHints":{"allow":["GET"]}}],"collection":[{"href":"https:\/\/vivamulherviva.org\/index.php\/wp-json\/wp\/v2\/pages"}],"about":[{"href":"https:\/\/vivamulherviva.org\/index.php\/wp-json\/wp\/v2\/types\/page"}],"author":[{"embeddable":true,"href":"https:\/\/vivamulherviva.org\/index.php\/wp-json\/wp\/v2\/users\/2"}],"replies":[{"embeddable":true,"href":"https:\/\/vivamulherviva.org\/index.php\/wp-json\/wp\/v2\/comments?post=310"}],"version-history":[{"count":4,"href":"https:\/\/vivamulherviva.org\/index.php\/wp-json\/wp\/v2\/pages\/310\/revisions"}],"predecessor-version":[{"id":316,"href":"https:\/\/vivamulherviva.org\/index.php\/wp-json\/wp\/v2\/pages\/310\/revisions\/316"}],"wp:attachment":[{"href":"https:\/\/vivamulherviva.org\/index.php\/wp-json\/wp\/v2\/media?parent=310"}],"curies":[{"name":"wp","href":"https:\/\/api.w.org\/{rel}","templated":true}]}}