{"id":122,"date":"2017-07-10T11:12:28","date_gmt":"2017-07-10T11:12:28","guid":{"rendered":"https:\/\/vivamulherviva.org\/?page_id=122"},"modified":"2026-05-01T19:25:07","modified_gmt":"2026-05-01T18:25:07","slug":"contactos","status":"publish","type":"page","link":"https:\/\/vivamulherviva.org\/index.php\/contactos\/","title":{"rendered":"Contactos"},"content":{"rendered":"<style>\n.vmv-wrapper {\n  display: flex;\n  gap: 32px;\n  align-items: flex-start;\n  color: #800080;\n  line-height: 1.45;\n  max-width: 1000px;\n  margin: 0 auto;\n}\n\n\/* For\u00e7a alinhamento \u00e0 esquerda em tudo *\/\n.vmv-wrapper,\n.vmv-wrapper * {\n  text-align: left !important;\n}\n\n.vmv-left img {\n  width: 180px;\n  height: auto;\n  display: block;\n}\n\n.vmv-right {\n  max-width: 640px;\n}\n\n.vmv-logo {\n  margin-bottom: 16px;\n}\n\n.vmv-logo img {\n  max-width: 320px;\n  height: auto;\n  display: block;\n}\n\n.vmv-right p {\n  margin: 0 0 8px 0;\n}\n\n.vmv-right h5 {\n  margin: 0 0 8px 0;\n  color: #800080;\n}\n\n.vmv-right a {\n  color: #800080 !important;\n  text-decoration: none !important;\n  font-weight: 700 !important;\n}\n\n\/* Mobile *\/\n@media (max-width: 768px) {\n  .vmv-wrapper {\n    flex-direction: column;\n    gap: 20px;\n    align-items: center;\n  }\n\n  .vmv-left img {\n    width: 220px;\n  }\n\n  .vmv-logo img {\n    max-width: 260px;\n  }\n\n  .vmv-right {\n    max-width: 100%;\n  }\n}\n<\/style>\n\n<div class=\"vmv-wrapper\">\n\n  <div class=\"vmv-left\">\n    <img decoding=\"async\" src=\"https:\/\/vivamulherviva.org\/wp-content\/uploads\/2018\/02\/Consignacao_IRS_VMV_face.png\" alt=\"Viva Mulher Viva\" \/>\n  <\/div>\n\n  <div class=\"vmv-right\">\n\n    <div class=\"vmv-logo\">\n      <img decoding=\"async\" src=\"https:\/\/www.ulssjose.min-saude.pt\/wp-content\/uploads\/sites\/3\/2024\/01\/Logo_23.-ULS-SA%CC%83O-JOSE%CC%81.svg\" alt=\"ULS S\u00e3o Jos\u00e9\" \/>\n    <\/div>\n\n    <h5><strong>Cl\u00ednica da Mama \u2013 Hospital Curry Cabral<\/strong><\/h5>\n    <h5><strong>Polo operacional de voluntariado<\/strong><\/h5>\n\n    <p>Rua da Benefic\u00eancia, n.\u00ba 8 &#8211; Edif\u00edcio 21<\/p>\n    <p>1069-166 Lisboa<\/p>\n\n    <p>\n      <strong>Telefone:<br>\n      <a href=\"tel:+351217917000\">217 917 000 \u2013 Extens\u00e3o 71900<\/a><\/strong>\n    <\/p>\n\n    <h5 style=\"margin-top: 12px;\"><strong>Sede Social<\/strong><\/h5>\n\n    <p>Hospital de S\u00e3o Jos\u00e9<\/p>\n    <p>Rua Jos\u00e9 Ant\u00f3nio Serrano<\/p>\n    <p>1150-199 Lisboa<\/p>\n\n    <p>\n      <strong>Telefone:<br>\n      <a href=\"tel:+351218841443\">218 841 443<\/a><\/strong>\n    <\/p>\n\n    <p>Tamb\u00e9m nos pode contactar pelo nosso e-mail:<\/p>\n\n    <p>\n      <strong>\n        <a href=\"mailto:viva.mulher.viva@gmail.com\">viva.mulher.viva@gmail.com<\/a>\n      <\/strong>\n    <\/p>\n\n  <\/div>\n<\/div>\n\n\n<p><\/p>\n","protected":false},"excerpt":{"rendered":"<p>Cl\u00ednica da Mama \u2013 Hospital Curry Cabral Polo operacional de voluntariado Rua da Benefic\u00eancia, n.\u00ba 8 &#8211; Edif\u00edcio 21 1069-166 Lisboa Telefone: 217 917 000 \u2013 Extens\u00e3o 71900 Sede Social Hospital de S\u00e3o Jos\u00e9 Rua Jos\u00e9 Ant\u00f3nio Serrano 1150-199 Lisboa Telefone: 218 841 443 Tamb\u00e9m nos pode contactar pelo nosso e-mail: viva.mulher.viva@gmail.com<\/p>\n","protected":false},"author":4,"featured_media":0,"parent":0,"menu_order":0,"comment_status":"closed","ping_status":"closed","template":"","meta":{"saved_in_kubio":true,"footnotes":""},"class_list":["post-122","page","type-page","status-publish","hentry"],"kubio_ai_page_context":{"short_desc":"","purpose":"general"},"_links":{"self":[{"href":"https:\/\/vivamulherviva.org\/index.php\/wp-json\/wp\/v2\/pages\/122","targetHints":{"allow":["GET"]}}],"collection":[{"href":"https:\/\/vivamulherviva.org\/index.php\/wp-json\/wp\/v2\/pages"}],"about":[{"href":"https:\/\/vivamulherviva.org\/index.php\/wp-json\/wp\/v2\/types\/page"}],"author":[{"embeddable":true,"href":"https:\/\/vivamulherviva.org\/index.php\/wp-json\/wp\/v2\/users\/4"}],"replies":[{"embeddable":true,"href":"https:\/\/vivamulherviva.org\/index.php\/wp-json\/wp\/v2\/comments?post=122"}],"version-history":[{"count":25,"href":"https:\/\/vivamulherviva.org\/index.php\/wp-json\/wp\/v2\/pages\/122\/revisions"}],"predecessor-version":[{"id":843,"href":"https:\/\/vivamulherviva.org\/index.php\/wp-json\/wp\/v2\/pages\/122\/revisions\/843"}],"wp:attachment":[{"href":"https:\/\/vivamulherviva.org\/index.php\/wp-json\/wp\/v2\/media?parent=122"}],"curies":[{"name":"wp","href":"https:\/\/api.w.org\/{rel}","templated":true}]}}